{"id":344,"date":"2021-07-06T10:43:21","date_gmt":"2021-07-06T10:43:21","guid":{"rendered":"https:\/\/www.hospitalityhacks.net\/aloita-tasta\/"},"modified":"2021-07-06T10:43:52","modified_gmt":"2021-07-06T10:43:52","slug":"aloita-tasta","status":"publish","type":"page","link":"https:\/\/www.hospitalityaction.com\/fi\/aloita-tasta\/","title":{"rendered":"Aloita t\u00e4st\u00e4"},"content":{"rendered":"<p>[et_pb_section fb_built=&#8221;1&#8243; custom_padding_last_edited=&#8221;on|desktop&#8221; admin_label=&#8221;Hero&#8221; _builder_version=&#8221;4.9.0&#8243; use_background_color_gradient=&#8221;on&#8221; background_color_gradient_start=&#8221;rgba(0,0,0,0.75)&#8221; background_color_gradient_end=&#8221;rgba(0,0,0,0.2)&#8221; background_color_gradient_direction=&#8221;90deg&#8221; background_color_gradient_overlays_image=&#8221;on&#8221; background_image=&#8221;https:\/\/www.hospitalityaction.com\/wp-content\/uploads\/2021\/02\/contact-hero.jpg&#8221; custom_margin_tablet=&#8221;&#8221; custom_margin_phone=&#8221;&#8221; custom_margin_last_edited=&#8221;on|desktop&#8221; custom_padding=&#8221;4.9%||10%|||&#8221; custom_padding_tablet=&#8221;&#8221; custom_padding_phone=&#8221;&#8221; hover_enabled=&#8221;0&#8243; alt=&#8221;cafe interior&#8221; title_text=&#8221;contact-hero&#8221; sticky_enabled=&#8221;0&#8243;][et_pb_row custom_padding_last_edited=&#8221;on|phone&#8221; _builder_version=&#8221;4.8.2&#8243; background_size=&#8221;initial&#8221; background_position=&#8221;top_left&#8221; background_repeat=&#8221;repeat&#8221; width=&#8221;100%&#8221; custom_margin=&#8221;||||false|false&#8221; custom_padding_tablet=&#8221;&#8221; custom_padding_phone=&#8221;||||false|false&#8221; animation_style=&#8221;zoom&#8221; animation_intensity_zoom=&#8221;4%&#8221;][et_pb_column type=&#8221;4_4&#8243; _builder_version=&#8221;4.7.7&#8243; background_color=&#8221;rgba(0,0,0,0)&#8221; custom_padding=&#8221;|||&#8221; custom_padding__hover=&#8221;|||&#8221;][et_pb_text admin_label=&#8221;Title&#8221; _builder_version=&#8221;4.8.2&#8243; _module_preset=&#8221;default&#8221; text_font=&#8221;Montserrat||||||||&#8221; link_font=&#8221;Montserrat||||||||&#8221; ul_font=&#8221;Montserrat||||||||&#8221; ol_font=&#8221;Montserrat||||||||&#8221; quote_font=&#8221;Montserrat||||||||&#8221; header_font=&#8221;Montserrat|700|||||||&#8221; header_font_size=&#8221;44px&#8221; header_line_height=&#8221;1.1em&#8221; background_layout=&#8221;dark&#8221; max_width=&#8221;1080px&#8221; custom_margin_tablet=&#8221;&#8221; custom_margin_phone=&#8221;||4px||false|false&#8221; custom_margin_last_edited=&#8221;on|phone&#8221; custom_padding_tablet=&#8221;&#8221; custom_padding_phone=&#8221;|15px||15px|false|false&#8221; custom_padding_last_edited=&#8221;on|phone&#8221; animation_style=&#8221;fold&#8221; animation_direction=&#8221;bottom&#8221; animation_delay=&#8221;50ms&#8221; animation_intensity_fold=&#8221;30%&#8221; animation_starting_opacity=&#8221;100%&#8221; text_font_tablet=&#8221;&#8221; text_font_phone=&#8221;&#8221; text_font_last_edited=&#8221;on|phone&#8221; header_font_tablet=&#8221;&#8221; header_font_phone=&#8221;&#8221; header_font_last_edited=&#8221;on|phone&#8221; content__hover_enabled=&#8221;off|desktop&#8221;]<\/p>\n<h1 style=\"text-align: center;\">Aloita matkasi t\u00e4n\u00e4\u00e4n!<\/h1>\n<p>[\/et_pb_text][\/et_pb_column][\/et_pb_row][\/et_pb_section][et_pb_section fb_built=&#8221;1&#8243; _builder_version=&#8221;4.7.7&#8243; _module_preset=&#8221;default&#8221;][et_pb_row _builder_version=&#8221;4.8.2&#8243; _module_preset=&#8221;default&#8221;][et_pb_column type=&#8221;4_4&#8243; _builder_version=&#8221;4.8.2&#8243; _module_preset=&#8221;default&#8221;][et_pb_text _builder_version=&#8221;4.9.0&#8243; _module_preset=&#8221;default&#8221;]<\/p>\n<h2 class=\"et_pb_module_header\">Aloita ilmaisella konsultaatiolla<\/h2>\n<p>[\/et_pb_text][et_pb_text _builder_version=&#8221;4.9.0&#8243; _module_preset=&#8221;default&#8221; text_font_size=&#8221;17px&#8221;]<\/p>\n<p class=\"et_pb_module_header\">Ravintolakonsulttimme tuottaa n\u00e4kemyst\u00e4, joka keskittyy palvelu- ja ravintola-alan elint\u00e4rkeisiin osa-alueisiin. L\u00f6yd\u00e4 uusia menetelmi\u00e4 ruokalistan suunnitteluun, tiimin rakentamiseen, talouden hallintaan, henkiseen hyvinvointiin ja moneen muuhun.<\/p>\n<p class=\"et_pb_module_header\">J\u00e4t\u00e4th\u00e4n yhteystietosi alle, niin tiimimme ottaa yhteytt\u00e4 ja varaa sinulle ilmaisen konsultaation. <\/p>\n<p>[\/et_pb_text][\/et_pb_column][\/et_pb_row][et_pb_row column_structure=&#8221;1_2,1_2&#8243; use_custom_gutter=&#8221;on&#8221; gutter_width=&#8221;1&#8243; _builder_version=&#8221;4.8.2&#8243; _module_preset=&#8221;default&#8221; background_color=&#8221;#E1E2E3&#8243; width=&#8221;81%&#8221;][et_pb_column type=&#8221;1_2&#8243; _builder_version=&#8221;4.8.2&#8243; _module_preset=&#8221;default&#8221;][et_pb_image src=&#8221;https:\/\/www.hospitalityaction.com\/wp-content\/uploads\/2021\/02\/richy-video.png&#8221; alt=&#8221;hospitality hacks video series&#8221; title_text=&#8221;richy-video&#8221; _builder_version=&#8221;4.9.0&#8243; _module_preset=&#8221;default&#8221; background_color=&#8221;RGBA(0,0,0,0)&#8221; width=&#8221;80%&#8221; module_alignment=&#8221;right&#8221; hover_enabled=&#8221;0&#8243; sticky_enabled=&#8221;0&#8243;][\/et_pb_image][\/et_pb_column][et_pb_column type=&#8221;1_2&#8243; _builder_version=&#8221;4.8.2&#8243; _module_preset=&#8221;default&#8221;][et_pb_signup mailchimp_list=&#8221;Video Subscription List|0d98e53440&#8243; layout=&#8221;top_bottom&#8221; name_field=&#8221;on&#8221; first_name_fullwidth=&#8221;off&#8221; last_name_fullwidth=&#8221;off&#8221; button_text=&#8221;Aloita jo T\u00e4n\u00e4\u00e4n&#8221; _builder_version=&#8221;4.9.0&#8243; _module_preset=&#8221;default&#8221; header_text_color=&#8221;#000000&#8243; header_font_size=&#8221;22px&#8221; header_line_height=&#8221;1.4em&#8221; body_text_color=&#8221;#003968&#8243; body_line_height=&#8221;1.8em&#8221; background_color=&#8221;#E1E2E3&#8243; custom_button=&#8221;on&#8221; button_text_color=&#8221;#FFFFFF&#8221; button_bg_color=&#8221;#0C71C3&#8243; button_border_color=&#8221;RGBA(0,0,0,0)&#8221; button_font=&#8221;|700|||||||&#8221; hover_enabled=&#8221;0&#8243; sticky_enabled=&#8221;0&#8243;][\/et_pb_signup][\/et_pb_column][\/et_pb_row][et_pb_row column_structure=&#8221;1_2,1_2&#8243; _builder_version=&#8221;4.8.2&#8243; _module_preset=&#8221;default&#8221;][et_pb_column type=&#8221;1_2&#8243; _builder_version=&#8221;4.8.2&#8243; _module_preset=&#8221;default&#8221;][et_pb_text _builder_version=&#8221;4.8.2&#8243; _module_preset=&#8221;default&#8221; header_2_font=&#8221;|700|||||||&#8221; header_2_line_height=&#8221;1.4em&#8221; custom_margin=&#8221;0px||12px||false|false&#8221;]<\/p>\n<h2>Yhteystiedot<\/h2>\n<p>[\/et_pb_text][et_pb_divider color=&#8221;#E1E2E3&#8243; divider_weight=&#8221;5px&#8221; _builder_version=&#8221;4.8.2&#8243; _module_preset=&#8221;default&#8221; width=&#8221;25%&#8221; custom_margin=&#8221;0px||10px||false|false&#8221; custom_padding=&#8221;0px||||false|false&#8221; global_module=&#8221;224&#8243; saved_tabs=&#8221;all&#8221;][\/et_pb_divider][et_pb_text _builder_version=&#8221;4.8.2&#8243; _module_preset=&#8221;default&#8221; text_line_height=&#8221;1.6em&#8221;]<\/p>\n<p><strong>Tiedustelut ja yleinen keskustelu<\/strong><br \/> S\u00e4hk\u00f6posti: <a href=\"mailto:info@hospitalityaction.com\">info@hospitalityaction.com<\/a><\/p>\n<p>WhatsApp: <span>+353-87-632-3995<\/span><\/p>\n<p><em><\/em><\/p>\n<p><em><\/em><\/p>\n<p><em>Odotamme kuulevamme sinusta!<\/em><\/p>\n<p>&nbsp;<\/p>\n<p>[\/et_pb_text][\/et_pb_column][et_pb_column type=&#8221;1_2&#8243; _builder_version=&#8221;4.8.2&#8243; _module_preset=&#8221;default&#8221;][et_pb_image src=&#8221;https:\/\/www.hospitalityaction.com\/wp-content\/uploads\/2021\/02\/creme-brulee.jpg&#8221; alt=&#8221;creme brulee&#8221; title_text=&#8221;creme-brulee&#8221; _builder_version=&#8221;4.9.0&#8243; _module_preset=&#8221;default&#8221; hover_enabled=&#8221;0&#8243; sticky_enabled=&#8221;0&#8243;][\/et_pb_image][\/et_pb_column][\/et_pb_row][\/et_pb_section]<\/p>\n","protected":false},"excerpt":{"rendered":"<p>Aloita matkasi t\u00e4n\u00e4\u00e4n!Aloita ilmaisella konsultaatiollaRavintolakonsulttimme tuottaa n\u00e4kemyst\u00e4, joka keskittyy palvelu- ja ravintola-alan elint\u00e4rkeisiin osa-alueisiin. L\u00f6yd\u00e4 uusia menetelmi\u00e4 ruokalistan suunnitteluun, tiimin rakentamiseen, talouden hallintaan, henkiseen hyvinvointiin ja moneen muuhun. J\u00e4t\u00e4th\u00e4n yhteystietosi alle, niin tiimimme ottaa yhteytt\u00e4 ja varaa sinulle ilmaisen konsultaation. YhteystiedotTiedustelut ja yleinen keskustelu S\u00e4hk\u00f6posti: info@hospitalityaction.com WhatsApp: +353-87-632-3995 Odotamme kuulevamme sinusta! &nbsp;<\/p>\n","protected":false},"author":1,"featured_media":0,"parent":0,"menu_order":0,"comment_status":"closed","ping_status":"closed","template":"","meta":{"nf_dc_page":"","_et_pb_use_builder":"on","_et_pb_old_content":"","_et_gb_content_width":"","_monsterinsights_skip_tracking":false,"_monsterinsights_sitenote_active":false,"_monsterinsights_sitenote_note":"","_monsterinsights_sitenote_category":0,"footnotes":""},"class_list":["post-344","page","type-page","status-publish","hentry"],"jetpack_sharing_enabled":true,"_links":{"self":[{"href":"https:\/\/www.hospitalityaction.com\/fi\/wp-json\/wp\/v2\/pages\/344","targetHints":{"allow":["GET"]}}],"collection":[{"href":"https:\/\/www.hospitalityaction.com\/fi\/wp-json\/wp\/v2\/pages"}],"about":[{"href":"https:\/\/www.hospitalityaction.com\/fi\/wp-json\/wp\/v2\/types\/page"}],"author":[{"embeddable":true,"href":"https:\/\/www.hospitalityaction.com\/fi\/wp-json\/wp\/v2\/users\/1"}],"replies":[{"embeddable":true,"href":"https:\/\/www.hospitalityaction.com\/fi\/wp-json\/wp\/v2\/comments?post=344"}],"version-history":[{"count":5,"href":"https:\/\/www.hospitalityaction.com\/fi\/wp-json\/wp\/v2\/pages\/344\/revisions"}],"predecessor-version":[{"id":349,"href":"https:\/\/www.hospitalityaction.com\/fi\/wp-json\/wp\/v2\/pages\/344\/revisions\/349"}],"wp:attachment":[{"href":"https:\/\/www.hospitalityaction.com\/fi\/wp-json\/wp\/v2\/media?parent=344"}],"curies":[{"name":"wp","href":"https:\/\/api.w.org\/{rel}","templated":true}]}}