{"id":377,"date":"2021-07-09T09:35:27","date_gmt":"2021-07-09T09:35:27","guid":{"rendered":"https:\/\/www.hospitalityhacks.net\/referenssit\/"},"modified":"2021-07-10T17:31:36","modified_gmt":"2021-07-10T17:31:36","slug":"referenssit","status":"publish","type":"page","link":"https:\/\/www.hospitalityaction.com\/fi\/referenssit\/","title":{"rendered":"Referenssit"},"content":{"rendered":"<p>[et_pb_section fb_built=&#8221;1&#8243; custom_padding_last_edited=&#8221;on|desktop&#8221; admin_label=&#8221;Hero&#8221; _builder_version=&#8221;4.9.0&#8243; use_background_color_gradient=&#8221;on&#8221; background_color_gradient_start=&#8221;rgba(0,0,0,0.75)&#8221; background_color_gradient_end=&#8221;rgba(0,0,0,0.2)&#8221; background_color_gradient_direction=&#8221;90deg&#8221; background_color_gradient_overlays_image=&#8221;on&#8221; background_image=&#8221;https:\/\/www.hospitalityaction.com\/wp-content\/uploads\/2021\/01\/021richyint2d739773.jpg&#8221; custom_margin_tablet=&#8221;&#8221; custom_margin_phone=&#8221;&#8221; custom_margin_last_edited=&#8221;on|desktop&#8221; custom_padding=&#8221;4.9%||10%|||&#8221; custom_padding_tablet=&#8221;&#8221; custom_padding_phone=&#8221;&#8221;][et_pb_row custom_padding_last_edited=&#8221;on|phone&#8221; _builder_version=&#8221;4.8.2&#8243; background_size=&#8221;initial&#8221; background_position=&#8221;top_left&#8221; background_repeat=&#8221;repeat&#8221; width=&#8221;100%&#8221; custom_margin=&#8221;||||false|false&#8221; custom_padding_tablet=&#8221;&#8221; custom_padding_phone=&#8221;||||false|false&#8221; animation_style=&#8221;zoom&#8221; animation_intensity_zoom=&#8221;4%&#8221;][et_pb_column type=&#8221;4_4&#8243; _builder_version=&#8221;4.7.7&#8243; background_color=&#8221;rgba(0,0,0,0)&#8221; custom_padding=&#8221;|||&#8221; custom_padding__hover=&#8221;|||&#8221;][et_pb_text admin_label=&#8221;Title&#8221; _builder_version=&#8221;4.8.2&#8243; _module_preset=&#8221;default&#8221; text_font=&#8221;Montserrat||||||||&#8221; link_font=&#8221;Montserrat||||||||&#8221; ul_font=&#8221;Montserrat||||||||&#8221; ol_font=&#8221;Montserrat||||||||&#8221; quote_font=&#8221;Montserrat||||||||&#8221; header_font=&#8221;Montserrat|700|||||||&#8221; header_font_size=&#8221;44px&#8221; header_line_height=&#8221;1.1em&#8221; background_layout=&#8221;dark&#8221; max_width=&#8221;1080px&#8221; custom_margin_tablet=&#8221;&#8221; custom_margin_phone=&#8221;||4px||false|false&#8221; custom_margin_last_edited=&#8221;on|phone&#8221; custom_padding_tablet=&#8221;&#8221; custom_padding_phone=&#8221;|15px||15px|false|false&#8221; custom_padding_last_edited=&#8221;on|phone&#8221; animation_style=&#8221;fold&#8221; animation_direction=&#8221;bottom&#8221; animation_delay=&#8221;50ms&#8221; animation_intensity_fold=&#8221;30%&#8221; animation_starting_opacity=&#8221;100%&#8221; text_font_tablet=&#8221;&#8221; text_font_phone=&#8221;&#8221; text_font_last_edited=&#8221;on|phone&#8221; header_font_tablet=&#8221;&#8221; header_font_phone=&#8221;&#8221; header_font_last_edited=&#8221;on|phone&#8221; content__hover_enabled=&#8221;off|desktop&#8221;]<\/p>\n<h1 style=\"text-align: center;\">Referenssit<\/h1>\n<p>[\/et_pb_text][\/et_pb_column][\/et_pb_row][\/et_pb_section][et_pb_section fb_built=&#8221;1&#8243; _builder_version=&#8221;4.7.7&#8243; _module_preset=&#8221;default&#8221;][et_pb_row _builder_version=&#8221;4.7.7&#8243; _module_preset=&#8221;default&#8221; width=&#8221;100%&#8221;][et_pb_column type=&#8221;4_4&#8243; _builder_version=&#8221;4.7.7&#8243; _module_preset=&#8221;default&#8221; background_color=&#8221;rgba(0,0,0,0)&#8221;][et_pb_text _builder_version=&#8221;4.7.7&#8243; _module_preset=&#8221;default&#8221; text_font=&#8221;Montserrat||||||||&#8221; link_font=&#8221;Montserrat||||||||&#8221; ul_font=&#8221;Montserrat||||||||&#8221; ol_font=&#8221;Montserrat||||||||&#8221; quote_font=&#8221;Montserrat||||||||&#8221; header_font=&#8221;Montserrat|700|||||||&#8221; header_2_font=&#8221;Montserrat|700|||||||&#8221; custom_padding_tablet=&#8221;&#8221; custom_padding_phone=&#8221;|15px||15px|false|false&#8221; custom_padding_last_edited=&#8221;on|phone&#8221;]<\/p>\n<h2>Arvostelut<\/h2>\n<p>[\/et_pb_text][\/et_pb_column][\/et_pb_row][et_pb_row _builder_version=&#8221;4.7.7&#8243; _module_preset=&#8221;default&#8221; width=&#8221;100%&#8221;][et_pb_column type=&#8221;4_4&#8243; _builder_version=&#8221;4.7.7&#8243; _module_preset=&#8221;default&#8221; background_color=&#8221;rgba(0,0,0,0)&#8221;][et_pb_testimonial author=&#8221;Mikko Rantanen&#8221; job_title=&#8221;Yritt\u00e4j\u00e4, The Finnish Fries Company Oy&#8221; portrait_url=&#8221;https:\/\/www.hospitalityaction.com\/wp-content\/uploads\/2021\/07\/mikkoran_uusi.jpg&#8221; _builder_version=&#8221;4.9.7&#8243; _module_preset=&#8221;default&#8221;]<\/p>\n<p>Olemme k\u00e4ynnist\u00e4m\u00e4ss\u00e4 alku syksyst\u00e4 uutta vihannes- ja juurestehdasta Pohjanmaalle. Richy on auttanut meit\u00e4 tuotekehityksess\u00e4 perunajalosteiden osalta. Nyt meill\u00e4 on selk\u00e4sti tiedossa mink\u00e4 tyyppisi\u00e4 tuotteita valmistamme. Richy on auttanut avaamaan my\u00f6s kansainv\u00e4lisi\u00e4 kontakteja ja sidosryhmi\u00e4.<\/p>\n<p>[\/et_pb_testimonial][et_pb_testimonial author=&#8221;James Grimes&#8221; company_name=&#8221;IASC Seafood Ltd Irlanti&#8221; portrait_url=&#8221;https:\/\/www.hospitalityaction.com\/wp-content\/uploads\/2021\/07\/IMG_2225.jpg&#8221; _builder_version=&#8221;4.9.7&#8243; _module_preset=&#8221;default&#8221; locked=&#8221;off&#8221;]<\/p>\n<p>Irlannin IASC Seafood Ltd sitoutti Richyn m\u00e4\u00e4rittelem\u00e4\u00e4n kohdemarkkinaksi Lontoon markkinat Seafood Unami Enriched Cooking rasvalle.<\/p>\n<p>Richys Mauritianin perhetausta antoi iASC:lle syv\u00e4n tietoon perustuvan kulttuurisen l\u00e4hestymistavan kohdemarkkinoiden ymm\u00e4rt\u00e4miseksi.<\/p>\n<p>Tunnistimme t\u00e4m\u00e4n tuotteen markkinat, l\u00e4hinn\u00e4 lukujen perusteella, kun merenel\u00e4v\u00e4t ovat merkitt\u00e4v\u00e4 viikoittainen osa kohdennetun v\u00e4est\u00f6n ruokavaliossa.<\/p>\n<p>Saimme tiet\u00e4\u00e4, ett\u00e4 kohdemarkkinat valitsevat harvinaisempia lajeja v\u00e4hint\u00e4\u00e4n kolmella ostokerralla viikossa. Valmisruokien makukehityksess\u00e4 auttoi, kun v\u00e4hennettiin suolaa ja k\u00e4ytettiin luonnollisia \u00e4yri\u00e4islis\u00e4aineita ja erityisist\u00e4 merilevist\u00e4 saatua Unamia.<\/p>\n<p>Richy tunnisti ihanteelliset jakeluketjut, loi luonnollisen kohun ja l\u00e4hestymistavan tuotteeseen ja h\u00e4nen visuaalisen esityksens\u00e4 ansiosta meid\u00e4t tunnistetaan.<\/p>\n<p>Ihanteellisena mausteena kohdemarkkinoiden ostosvaunussa<\/p>\n<p>Richy loi show and tell -tapahtumia ja k\u00e4ytti sosiaalista ja visuaalista mediaa tuotevalikoimamme promoamiseen.<\/p>\n<p>[\/et_pb_testimonial][et_pb_testimonial author=&#8221;Susan Steele&#8221; job_title=&#8221;Innovaatiojohtaja&#8221; company_name=&#8221;Seafood innovation Hub&#8221; portrait_url=&#8221;https:\/\/www.hospitalityaction.com\/wp-content\/uploads\/2021\/07\/Susan.jpeg&#8221; _builder_version=&#8221;4.9.7&#8243; _module_preset=&#8221;default&#8221; hover_enabled=&#8221;0&#8243; locked=&#8221;off&#8221; title_text=&#8221;Susan&#8221; sticky_enabled=&#8221;0&#8243;]<\/p>\n<p>BIM:n Seafood-kehityskeskus (\u00e4skett\u00e4in uudelleen br\u00e4nd\u00e4tty: Seafood innovation Hub) on Irlannin merenel\u00e4v\u00e4teollisuuden kehityskeskus, joka on perustettu kehitt\u00e4m\u00e4\u00e4n innovatiivisi\u00e4 tuotteita ja skaalaamaan ne. Se sis\u00e4lt\u00e4\u00e4 tuotteiden jalostustilat, tuotekehityskeitti\u00f6n, innovaatio- ja tuotekonseptialueet sek\u00e4 yrityshautomoyksik\u00f6t. Keskuksen tavoitteena on tuottaa korkealaatuisia prosesseja ja tuotepalveluja, jotka tukevat innovaatioiden kehittymist\u00e4 \u00e4yri\u00e4isalalla ja mahdollistavat tuoteideoiden kaupallistamisen. Keskus on tunnustettu Irlannissa ja Euroopassa johtavana \u00e4yri\u00e4isinnovaatioissa, joka kehitt\u00e4\u00e4 kaikkia merenel\u00e4vien tuotekehitysprosesseja ja edist\u00e4\u00e4 rajoja teollisuuden sis\u00e4ll\u00e4.<\/p>\n<p>Richy ty\u00f6skenteli keskuksessa konsultointiperiaatteella ja kehitti useita innovatiivisia ideoita ja auttoi yrityksi\u00e4 n\u00e4iden kaupallistamisessa.<\/p>\n<p>Esimerkkej\u00e4 menestyvist\u00e4 markkinoilla olevista tuotteista, joiden parissa Richy ty\u00f6skenteli, sis\u00e4lsi arvonlis\u00e4yst\u00e4 sillille. Yrityksen nimi on Silver Darlings. Tuotteiden kehitt\u00e4misess\u00e4 useille yrityksille hy\u00f6dynnettiin sellaisten materiaalien hy\u00f6dynt\u00e4mist\u00e4, joita ei yleens\u00e4 k\u00e4ytet\u00e4, kuten kalakoristeet.<\/p>\n<p>Kehitet\u00e4\u00e4n innovatiivisia ideoita v\u00e4hemm\u00e4n k\u00e4ytettyjen lajien ja tuotteiden k\u00e4ytt\u00e4miseksi. Yksi onnistunut tuote oli merilev\u00e4voi. Richy ymm\u00e4rt\u00e4\u00e4 hyvin kustannusrajoitukset, jotka vaikuttavat pieniin yrityksiin, jotka kuitenkin etsiv\u00e4t tuotteiden kehitt\u00e4mist\u00e4 ja skaalaamista. Sen lis\u00e4ksi, ett\u00e4 h\u00e4n tiet\u00e4\u00e4 parhaan tavan saada makua, maistamisistuntojen j\u00e4rjest\u00e4misest\u00e4 ja tuotteiden hyv\u00e4ksytt\u00e4vyydest\u00e4, h\u00e4n ymm\u00e4rt\u00e4\u00e4 hyvin my\u00f6s tuotteiden s\u00e4ilyvyyden ja s\u00e4ilyvyysajan testauksen merkityksen.<\/p>\n<p>Suosittelen eritt\u00e4in paljon Richy\u00e4 \u00e4yri\u00e4isinnovaatioissa. Kalatuotteiden kehitt\u00e4misen ja kaupallistamisen lis\u00e4ksi h\u00e4n on erinomainen tiimin j\u00e4sen, eritt\u00e4in helppo ty\u00f6skennell\u00e4 ja tulla toimeen, eritt\u00e4in luotettava ja eritt\u00e4in innovatiivinen.<\/p>\n<p>[\/et_pb_testimonial][et_pb_testimonial author=&#8221;Michael Flatley&#8221; job_title=&#8221;Amerikkalais-irlantilainen tanssija&#8221; portrait_url=&#8221;https:\/\/www.irishcentral.com\/uploads\/article-v2\/2020\/12\/142643\/cropped_michael_flatley_2010___rollingnews.jpg?t=1607031372&#8243; _builder_version=&#8221;4.8.2&#8243; _module_preset=&#8221;default&#8221;]<\/p>\n<p>Richy <span>\u2014<\/span><\/p>\n<p>Toinen nautittava ateria &#8211; upea tuore ruoka, upealla esittelyll\u00e4 ja palvelulla. Henkil\u00f6kuntasi oli niin rento ja yst\u00e4v\u00e4llinen, mutta teki ty\u00f6ns\u00e4 niin ammattimaisesti, ett\u00e4 pystyimme istumaan, rentoutumaan ja nauttimaan illasta yht\u00e4 paljon kuin vieraamme. Parhain Terveisin,<\/p>\n<p>[\/et_pb_testimonial][et_pb_testimonial author=&#8221;Colette Twomey&#8221; company_name=&#8221;Clonakilty Food Co, Clonakilty&#8221; portrait_url=&#8221;https:\/\/www.hospitalityaction.com\/wp-content\/uploads\/2021\/02\/colettetwomey.jpg&#8221; _builder_version=&#8221;4.9.0&#8243; _module_preset=&#8221;default&#8221;]<\/p>\n<p><span>Clonakilty Food Co. palkkasi Richy Virahsawmyn esittelem\u00e4\u00e4n Clonakilty Blackpuddingia kansallisissa kynt\u00f6mestaruuskilpailuissa. Lyhyesti teht\u00e4v\u00e4n\u00e4 oli osoittaa 100 000 ihmiselle 3 p\u00e4iv\u00e4n aikana, ett\u00e4 Clonakilty Blackpudding EI OLE vain aamiaista.<\/span><\/p>\n<p><span>Hy\u00f6dynsimme Richy\u00e4 my\u00f6s Dublin Taste of Festivaalilla. 140 \/ 5000 Translation results J\u00e4lleen h\u00e4n esitteli Clonakilty Blackpuddingin monipuolisuuden ja kuinka sit\u00e4 voidaan k\u00e4ytt\u00e4\u00e4 ainesosana monissa h\u00e4nen suunnittelemissaan ruokissa.<\/span><\/p>\n<p><span>L\u00f6ysimme h\u00e4nen ammattitaitonsa ja suorituskykyns\u00e4 tekem\u00e4ll\u00e4 live-esittelydemoja tunnissa joka tunti kolmen p\u00e4iv\u00e4n ajan, mik\u00e4 todella auttoi saamaan tuotemerkkimme esiin siell\u00e4! Olemme eritt\u00e4in kiitollisia Richylle ja h\u00e4nen tiimilleen. Richysin armoton ty\u00f6moraali, innostus ja energia lis\u00e4\u00e4v\u00e4t h\u00e4nen menestyst\u00e4\u00e4n br\u00e4ndil\u00e4hettil\u00e4\u00e4n\u00e4.<\/span><\/p>\n<p>[\/et_pb_testimonial][et_pb_testimonial author=&#8221;Mick Hanley&#8221; job_title=&#8221;Johtaja&#8221; company_name=&#8221;Clonakiltyn Kauppakamari&#8221; portrait_url=&#8221;https:\/\/www.hospitalityaction.com\/wp-content\/uploads\/2021\/02\/org-4143470_48346e2b-2cca-5923-8756-9d181b8d04b2.jpg&#8221; _builder_version=&#8221;4.9.0&#8243; _module_preset=&#8221;default&#8221;]<\/p>\n<p><span>Richy-<\/span><\/p>\n<p><span>\u00c4skett\u00e4isess\u00e4 Clonakiltyn kauppakamarin hallituksen kokouksessa sovittiin, ett\u00e4 minun pit\u00e4isi kirjoittaa sinulle hallituksen puolesta ja ilmaista pettymykseni ravintolasi sulkemisen kuulemisesta. L\u00e4hes 20 vuotta ollessasi osa suurempaa Clonakilty-yhteis\u00f6\u00e4, hahmosi, yritt\u00e4jyytesi ja energiasi menetet\u00e4\u00e4n.<\/span><\/p>\n<p><span>Panoksesi kamarin ponnisteluihin hallituksen j\u00e4senen\u00e4 ja Clonakilty Street Carnivalin koordinaattorina oli korvaamaton. TV-kokin ja huippuluokan ravintoloitsijana profiilisi vaikutti Clonakiltyn mainostamiseen huippuluokan ruokakohteena.<\/span><\/p>\n<p><span>Toivotan hallituksen ja itse\u00e4ni puolesta my\u00f6s terveytt\u00e4 ja onnea uudessa kodissasi. Minulla ei ole ep\u00e4ilyst\u00e4k\u00e4\u00e4n siit\u00e4, ett\u00e4 menestyt kaikessa mit\u00e4 teet. Clonakiltyn menetys on Suomen voitto.<\/span><\/p>\n<p>[\/et_pb_testimonial][et_pb_testimonial author=&#8221;Stephen Evans-Freke&#8221; company_name=&#8221;Castle Freke, West Cork, Irlanti&#8221; portrait_url=&#8221;https:\/\/www.hospitalityaction.com\/wp-content\/uploads\/2021\/02\/Stephen.jpg&#8221; _builder_version=&#8221;4.9.0&#8243; _module_preset=&#8221;default&#8221;]<\/p>\n<p>Richy on hoitanut meill\u00e4 useita huippuluokan, suuren kapasiteetin p\u00e4iv\u00e4llistapahtumia Irlannin tilallamme. H\u00e4nen menunsa olivat luovia, esitys miellytt\u00e4v\u00e4 ja ruoka herkullinen.  H\u00e4n toimii eritt\u00e4in hyvin paineen alaisena, on aina mukautuva ja tekee parhaansa varmistaakseen, ett\u00e4 n\u00e4kemyksesi tapahtumastasi toteutuu.<\/p>\n<p>[\/et_pb_testimonial][et_pb_testimonial author=&#8221;Barbara Birt&#8221; job_title=&#8221;Past President&#8221; company_name=&#8221;STT Board of Realtors, West Cork&#8221; portrait_url=&#8221;https:\/\/www.hospitalityaction.com\/wp-content\/uploads\/2021\/02\/BarbaraBirt.jpg&#8221; _builder_version=&#8221;4.9.0&#8243; _module_preset=&#8221;default&#8221;]<\/p>\n<p><span>Richy on kasvissy\u00f6j\u00e4n unelma. Vaikka h\u00e4n valmistaa aterioita, joita lihansy\u00f6j\u00e4partnerini sy\u00f6 mielell\u00e4\u00e4n, h\u00e4nen taitonsa ovat yht\u00e4 suuret luovien ja ravitsevien kasvisruokien suhteen. Richy on seikkailunhaluinen ainesosiensa ja mausteiden yhdistelemisess\u00e4 ja tarjoilee mielikuvituksellisimmat, kauniimmin kuvioidut ja herkulliset kasvisateriat. Taivaallinen!<\/span><\/p>\n<p>[\/et_pb_testimonial][\/et_pb_column][\/et_pb_row][\/et_pb_section][et_pb_section fb_built=&#8221;1&#8243; _builder_version=&#8221;4.8.2&#8243; _module_preset=&#8221;default&#8221; background_color=&#8221;#003968&#8243; custom_padding=&#8221;10px||10px||false|false&#8221; saved_tabs=&#8221;all&#8221;][et_pb_row _builder_version=&#8221;4.8.2&#8243; _module_preset=&#8221;default&#8221;][et_pb_column type=&#8221;4_4&#8243; _builder_version=&#8221;4.8.2&#8243; _module_preset=&#8221;default&#8221;][et_pb_cta title=&#8221;Ota Yhteytt\u00e4&#8221; button_url=&#8221;@ET-DC@eyJkeW5hbWljIjp0cnVlLCJjb250ZW50IjoicG9zdF9saW5rX3VybF9wYWdlIiwic2V0dGluZ3MiOnsicG9zdF9pZCI6IjE5OCJ9fQ==@&#8221; button_text=&#8221;Aloita t\u00e4st\u00e4&#8221; _builder_version=&#8221;4.9.0&#8243; _dynamic_attributes=&#8221;button_url&#8221; _module_preset=&#8221;default&#8221; background_color=&#8221;RGBA(0,0,0,0)&#8221;]<\/p>\n<p>\u00c4l\u00e4 odota &#8211; Muutos alkaa t\u00e4n\u00e4\u00e4n.<br \/><strong><br \/> Varaa ilmainen konsultaatio.<br \/> Aloita saamaan vihjeit\u00e4, oikoreittej\u00e4 ja oivalluksia, jotka auttavat s\u00e4\u00e4st\u00e4m\u00e4\u00e4n kustannuksissa ja aikaa.<\/strong><\/p>\n<p>[\/et_pb_cta][\/et_pb_column][\/et_pb_row][\/et_pb_section]<\/p>\n","protected":false},"excerpt":{"rendered":"<p>ReferenssitArvostelutOlemme k\u00e4ynnist\u00e4m\u00e4ss\u00e4 alku syksyst\u00e4 uutta vihannes- ja juurestehdasta Pohjanmaalle. Richy on auttanut meit\u00e4 tuotekehityksess\u00e4 perunajalosteiden osalta. Nyt meill\u00e4 on selk\u00e4sti tiedossa mink\u00e4 tyyppisi\u00e4 tuotteita valmistamme. Richy on auttanut avaamaan my\u00f6s kansainv\u00e4lisi\u00e4 kontakteja ja sidosryhmi\u00e4.Irlannin IASC Seafood Ltd sitoutti Richyn m\u00e4\u00e4rittelem\u00e4\u00e4n kohdemarkkinaksi Lontoon markkinat Seafood Unami Enriched Cooking rasvalle. Richys Mauritianin perhetausta antoi iASC:lle syv\u00e4n tietoon [&hellip;]<\/p>\n","protected":false},"author":1,"featured_media":0,"parent":0,"menu_order":0,"comment_status":"closed","ping_status":"closed","template":"","meta":{"nf_dc_page":"","_et_pb_use_builder":"on","_et_pb_old_content":"","_et_gb_content_width":"","_monsterinsights_skip_tracking":false,"_monsterinsights_sitenote_active":false,"_monsterinsights_sitenote_note":"","_monsterinsights_sitenote_category":0,"footnotes":""},"class_list":["post-377","page","type-page","status-publish","hentry"],"jetpack_sharing_enabled":true,"_links":{"self":[{"href":"https:\/\/www.hospitalityaction.com\/fi\/wp-json\/wp\/v2\/pages\/377","targetHints":{"allow":["GET"]}}],"collection":[{"href":"https:\/\/www.hospitalityaction.com\/fi\/wp-json\/wp\/v2\/pages"}],"about":[{"href":"https:\/\/www.hospitalityaction.com\/fi\/wp-json\/wp\/v2\/types\/page"}],"author":[{"embeddable":true,"href":"https:\/\/www.hospitalityaction.com\/fi\/wp-json\/wp\/v2\/users\/1"}],"replies":[{"embeddable":true,"href":"https:\/\/www.hospitalityaction.com\/fi\/wp-json\/wp\/v2\/comments?post=377"}],"version-history":[{"count":5,"href":"https:\/\/www.hospitalityaction.com\/fi\/wp-json\/wp\/v2\/pages\/377\/revisions"}],"predecessor-version":[{"id":400,"href":"https:\/\/www.hospitalityaction.com\/fi\/wp-json\/wp\/v2\/pages\/377\/revisions\/400"}],"wp:attachment":[{"href":"https:\/\/www.hospitalityaction.com\/fi\/wp-json\/wp\/v2\/media?parent=377"}],"curies":[{"name":"wp","href":"https:\/\/api.w.org\/{rel}","templated":true}]}}